    {"id":2568275,"date":"2025-03-24T14:51:09","date_gmt":"2025-03-24T12:51:09","guid":{"rendered":"https:\/\/iqbooster.org\/?page_id=2568275"},"modified":"2025-05-20T15:04:19","modified_gmt":"2025-05-20T12:04:19","slug":"iq-booster-subscription-policies","status":"publish","type":"page","link":"https:\/\/iqbooster.org\/sv\/iq-booster-subscription-policies\/","title":{"rendered":"IQ Booster SUBSCRIPTION POLICIES"},"content":{"rendered":"<p>Dessa prenumerationsvillkor (\u201dVillkoren\u201d) reglerar prenumerationstj\u00e4nsten som uteslutande \u00e4r tillg\u00e4nglig f\u00f6r kunder som har genomf\u00f6rt en bed\u00f6mning p\u00e5 IQBooster.org och\/eller WWIQtest och\/eller QuickIQ och\/eller WWPersonalityTest eller andra (\u201dvi\u201d, \u201doss\u201d eller \u201dF\u00f6retaget\u201d) f\u00f6r dess hj\u00e4rntr\u00e4nings\u00adtj\u00e4nster. Dessa villkor \u00e4r en integrerad del av v\u00e5ra anv\u00e4ndarvillkor och m\u00e5ste l\u00e4sas tillsammans med alla andra juridiska dokument som vi kan tillhandah\u00e5lla. Genom att prenumerera p\u00e5 eller k\u00f6pa v\u00e5ra planer bekr\u00e4ftar du att du har l\u00e4st, f\u00f6rst\u00e5tt och godk\u00e4nner att vara bunden av dessa villkor. Om du inte godk\u00e4nner dessa villkor \u00e4r du inte beh\u00f6rig att k\u00f6pa eller anv\u00e4nda n\u00e5gon prenumerationsplan som erbjuds av IQ Booster.<\/p>\n<p><strong>1. PRENUMERATIONER OCH AVGIFTER<\/strong><\/p>\n<p>1.1\u00a0 <strong>Tillg\u00e4ngliga planer<\/strong><\/p>\n<p>IQ Booster erbjuder flera typer av hj\u00e4rntr\u00e4ningsplaner:<\/p>\n<ul>\n<li class=\"translation-block\"><strong>Eng\u00e5ngsavgift<\/strong>-plan<\/li>\n<li><strong><strong>M\u00e5natlig \u00e5terkommande prenumeration<\/strong><\/strong><\/li>\n<li><strong><strong>3-m\u00e5naders \u00e5terkommande prenumeration<\/strong><\/strong><\/li>\n<\/ul>\n<p>1.2 <strong>Proverbjudanden<\/strong><\/p>\n<p>Vissa prenumerationsplaner kan inkludera en provperiod p\u00e5 en vecka till ett rabatterat pris. Om du inte s\u00e4ger upp minst 24 (tjugofyra) timmar f\u00f6re provperiodens slut kommer prenumerationen automatiskt att f\u00f6rnyas till det ordinarie m\u00e5nadspriset som anges p\u00e5 v\u00e5r webbplats (\u201dStandardpris\u201d). Du samtycker h\u00e4rmed till att underl\u00e5tenhet att s\u00e4ga upp f\u00f6re provperiodens slut utg\u00f6r ett uttryckligt samtycke till att forts\u00e4tta prenumerationen till Standardpris.<\/p>\n<p>1.3 <strong>Automatisk f\u00f6rnyelse<\/strong><\/p>\n<p>Unless otherwise stated, both the 1-month and 3-month subscriptions are set to auto-renew at the end of each billing cycle at the then-applicable rate, unless you cancel in accordance with the cancellation procedures set forth below. By purchasing a subscription, you authorize us (or our third-party payment processor) to automatically charge the applicable subscription fee using the payment method you have provided.<\/p>\n<p>1.4 <strong>Aktivering av prenumeration<\/strong><\/p>\n<p>Du kan aktivera en prenumeration f\u00f6rst efter att du har slutf\u00f6rt online-tester p\u00e5 webbplatserna WWIQtest och\/eller QuickIQ och\/eller WWPersonalityTest eller andra. Genom att forts\u00e4tta med prenumerationen bekr\u00e4ftar du att du \u00e4r minst sexton (16) \u00e5r gammal (eller annars har uppn\u00e5tt laglig \u00e5lder f\u00f6r att ing\u00e5 ett bindande avtal enligt din lokala lag) och att du har r\u00e4ttslig befogenhet att k\u00f6pa eller anv\u00e4nda v\u00e5ra tj\u00e4nster.<\/p>\n<p><strong>2. UPPS\u00c4GNING<\/strong><\/p>\n<p>2.1 <strong>Your Right to Cancel<\/strong><\/p>\n<p class=\"translation-block\">Du kan n\u00e4r som helst s\u00e4ga upp din prenumeration i medlemsomr\u00e5dets faktureringssektion i IQBooster eller genom att kontakta v\u00e5rt supportteam p\u00e5 <a href=\"mailto:info@iqbooster.org\" target=\"_self\">info@iqbooster.org<\/a>. Upps\u00e4gningar m\u00e5ste tas emot minst 24 (tjugofyra) timmar f\u00f6re f\u00f6rnyelsedatumet f\u00f6r att undvika debitering f\u00f6r n\u00e4sta faktureringsperiod. N\u00e4r din upps\u00e4gning har behandlats kommer din prenumeration inte att f\u00f6rnyas, men du beh\u00e5ller tillg\u00e5ngen till prenumerationens funktioner under \u00e5terst\u00e5ende tid av din nuvarande faktureringsperiod.<\/p>\n<p>2.2 <strong>Effekt av upps\u00e4gning<\/strong><\/p>\n<p>Att s\u00e4ga upp din prenumeration stoppar den automatiska f\u00f6rnyelsen av din plan. Du kommer dock inte att f\u00e5 n\u00e5gon proportionell \u00e5terbetalning eller kredit f\u00f6r outnyttjad tid inom din nuvarande faktureringsperiod, om det inte kr\u00e4vs enligt tvingande lag i ditt bos\u00e4ttningsland eller som anges i dessa villkor.<\/p>\n<p><strong>3. \u00c5TERBETALNINGSPOLICY<\/strong><\/p>\n<p>3.1 <strong>Allm\u00e4n policy f\u00f6r ej \u00e5terbetalningsbara avgifter<\/strong><\/p>\n<p>Prenumerationsavgifter \u00e4r inte \u00e5terbetalningsbara och inga proportionella \u00e5terbetalningar eller krediter ges f\u00f6r delvis anv\u00e4nda prenumerationsperioder, om inte annat kr\u00e4vs enligt till\u00e4mplig lag i din jurisdiktion eller som anges nedan.<\/p>\n<p>3.2 <strong>Undantag enligt lokal lag<\/strong><\/p>\n<p>Du kan ha ytterligare r\u00e4ttigheter till \u00e5terbetalning eller upps\u00e4gning enligt lagarna i ditt bos\u00e4ttningsland. Om lokal lag kr\u00e4ver \u00e5terbetalning under vissa omst\u00e4ndigheter kommer vi att f\u00f6lja s\u00e5dana r\u00e4ttsliga krav.<\/p>\n<p>3.3 <strong>Specifika jurisdiktionsspecifika riktlinjer<\/strong><\/p>\n<p><strong>Inv\u00e5nare i Europeiska unionen (EU):<\/strong><\/p>\n<p>Enligt EU:s konsumentskyddslagar har du r\u00e4tt att fr\u00e5ntr\u00e4da ett avtal om digitala tj\u00e4nster inom fjorton (14) dagar fr\u00e5n avtalets ing\u00e5ende, f\u00f6rutsatt att tj\u00e4nsten inte har p\u00e5b\u00f6rjats p\u00e5 din uttryckliga beg\u00e4ran. Genom att b\u00f6rja eller forts\u00e4tta anv\u00e4nda IQ Booster-tj\u00e4nsterna omedelbart efter k\u00f6pet bekr\u00e4ftar du och samtycker uttryckligen till att tj\u00e4nsterna p\u00e5b\u00f6rjas och avst\u00e5r fr\u00e5n din lagstadgade \u00e5ngerr\u00e4tt n\u00e4r tj\u00e4nsten har levererats.<\/p>\n<p><strong>\u00c5terbetalningspolicy f\u00f6r Japan och Sydkorea<\/strong><\/p>\n<p><strong>Japan<\/strong>: I enlighet med konsumentavtalslagen kan anv\u00e4ndare beg\u00e4ra \u00e5terbetalning inom \u00e5tta (8) dagar efter k\u00f6pet om de inte har anv\u00e4nt tj\u00e4nsten. Om tj\u00e4nsten har anv\u00e4nts \u00e4r \u00e5terbetalning vanligtvis endast m\u00f6jlig om produkten \u00e4r felaktig eller om \u00e5tkomsten till tj\u00e4nsten inte har tillhandah\u00e5llits korrekt.<\/p>\n<p><strong>Sydkorea<\/strong>: I enlighet med lagen om konsumentskydd vid elektronisk handel kan anv\u00e4ndare avbryta sitt k\u00f6p inom sju (7) dagar efter transaktionen, s\u00e5vida de inte har f\u00e5tt tillg\u00e5ng till tj\u00e4nsten. Om digitalt inneh\u00e5ll har tillhandah\u00e5llits eller anv\u00e4nts kan \u00e5terbetalning nekas, s\u00e5vida inte tj\u00e4nsten var felaktig eller otillg\u00e4nglig.<\/p>\n<p><strong>4. BETALNING OCH F\u00d6RNYELSER<\/strong><\/p>\n<p>4.1 <strong>Betalningshantering<\/strong><\/p>\n<p>Alla prenumerationsavgifter (inklusive de f\u00f6r provperioder som \u00f6verg\u00e5r till betalda planer) debiteras i f\u00f6rskott och behandlas via v\u00e5ra utsedda betalningsleverant\u00f6rer. Du m\u00e5ste s\u00e4kerst\u00e4lla att din betalningsinformation \u00e4r korrekt och uppdaterad, eftersom en misslyckad betalning kan leda till att din prenumeration pausas eller avslutas.<\/p>\n<p>4.2 <strong>Pris\u00e4ndringar<\/strong><\/p>\n<p>Vi f\u00f6rbeh\u00e5ller oss r\u00e4tten att \u00e4ndra prenumerationsavgifter n\u00e4r som helst efter eget gottfinnande. Vi kommer att g\u00f6ra rimliga anstr\u00e4ngningar f\u00f6r att ge f\u00f6rhandsbesked om eventuella \u00e4ndringar. Din fortsatta anv\u00e4ndning av prenumerationen efter en avgifts\u00e4ndring inneb\u00e4r att du godk\u00e4nner att betala den \u00e4ndrade avgiften.<\/p>\n<p><strong>5. FRISKRIVNING FR\u00c5N GARANTIER &amp; BEGR\u00c4NSNING AV ANSVAR<\/strong><\/p>\n<p><strong>VIKTIG ANM\u00c4RKNING:<\/strong><\/p>\n<ul>\n<li>Prenumerationstj\u00e4nsterna som erbjuds av IQ Booster \u00e4r endast avsedda f\u00f6r personlig utveckling och underh\u00e5llning och inte f\u00f6r medicinska, psykologiska eller kliniska diagnoser.<\/li>\n<li>Vi l\u00e4mnar inga garantier eller utf\u00e4stelser av n\u00e5got slag betr\u00e4ffande oavbruten eller felfri tillg\u00e4nglighet av v\u00e5ra prenumerationstj\u00e4nster.<\/li>\n<li>V\u00e5rt totala ansvar enligt dessa villkor, oavsett orsak, \u00e4r begr\u00e4nsat till det belopp du faktiskt har betalat f\u00f6r den aktuella prenumerationsperioden, eller 1 USD, beroende p\u00e5 vilket som \u00e4r h\u00f6gst, om inte tvingande lag kr\u00e4ver annat.<\/li>\n<\/ul>\n<p><strong>6. \u00c4NDRINGAR I DESSA VILLKOR<\/strong><\/p>\n<p>Vi kan \u00e4ndra eller uppdatera dessa villkor fr\u00e5n tid till annan f\u00f6r att \u00e5terspegla \u00e4ndringar i v\u00e5ra rutiner och\/eller till\u00e4mplig lag. Vid v\u00e4sentliga \u00e4ndringar kommer vi, n\u00e4r det \u00e4r m\u00f6jligt, att publicera ett meddelande p\u00e5 v\u00e5r webbplats eller skicka dig ett e-postmeddelande. Din fortsatta anv\u00e4ndning av prenumerationen efter att s\u00e5dana \u00e4ndringar har tr\u00e4tt i kraft inneb\u00e4r att du accepterar de uppdaterade villkoren.<\/p>\n<p><strong>7. KONTAKTA OSS<\/strong><\/p>\n<p class=\"translation-block\">Om du har fr\u00e5gor, funderingar eller vill ut\u00f6va n\u00e5gon av dina r\u00e4ttigheter enligt dessa villkor, v\u00e4nligen kontakta oss p\u00e5: <a href=\"mailto:info@iqbooster.org\" target=\"_self\">info@iqbooster.org<\/a><\/p>\n<p>Vi kommer att g\u00f6ra kommersiellt rimliga anstr\u00e4ngningar f\u00f6r att svara dig i tid och hantera eventuella fr\u00e5gor du kan ha om dessa villkor eller ditt abonnemang.<\/p>\n<p>Genom att prenumerera p\u00e5 n\u00e5gon IQ Booster-plan bekr\u00e4ftar du att du har l\u00e4st och f\u00f6rst\u00e5tt dessa prenumerationsvillkor, godk\u00e4nner att vara bunden av dem och att de utg\u00f6r en integrerad del av v\u00e5ra anv\u00e4ndarvillkor. Om du inte godk\u00e4nner dessa villkor, v\u00e4nligen k\u00f6p eller anv\u00e4nd inte n\u00e5gon IQ Booster-prenumeration.<\/p>\n<p><strong>Senast reviderad: 10.01.2025<\/strong><\/p>\n<p><span style=\"font-weight: 400\">* Onze inhoud wordt in meerdere talen aangeboden door een combinatie van menselijke en AI-ondersteunde vertaling. Hoewel wij ons inspannen om de nauwkeurigheid te waarborgen, is de Engelse versie de offici\u00eble en juridisch bindende tekst.<\/span><\/p>","protected":false},"excerpt":{"rendered":"<p>These Subscription Policies (the \u201cPolicies\u201d) govern the subscription service exclusively available to clients who have completed an assessment on IQBooster.org and\/or WWIQtest and\/or QuickIQ and\/or WWPersonalityTest or others, (\u201cwe,\u201d \u201cus,\u201d or the \u201cCompany\u201d) for its brain training services. These Policies are an integral part of our Terms and Conditions and must be read together with [&hellip;]<\/p>\n","protected":false},"author":1,"featured_media":0,"parent":0,"menu_order":0,"comment_status":"closed","ping_status":"closed","template":"page-template\/cms-page.php","meta":{"footnotes":""},"class_list":["post-2568275","page","type-page","status-publish","hentry"],"acf":[],"ams_acf":[],"_links":{"self":[{"href":"https:\/\/iqbooster.org\/sv\/wp-json\/wp\/v2\/pages\/2568275","targetHints":{"allow":["GET"]}}],"collection":[{"href":"https:\/\/iqbooster.org\/sv\/wp-json\/wp\/v2\/pages"}],"about":[{"href":"https:\/\/iqbooster.org\/sv\/wp-json\/wp\/v2\/types\/page"}],"author":[{"embeddable":true,"href":"https:\/\/iqbooster.org\/sv\/wp-json\/wp\/v2\/users\/1"}],"replies":[{"embeddable":true,"href":"https:\/\/iqbooster.org\/sv\/wp-json\/wp\/v2\/comments?post=2568275"}],"version-history":[{"count":5,"href":"https:\/\/iqbooster.org\/sv\/wp-json\/wp\/v2\/pages\/2568275\/revisions"}],"predecessor-version":[{"id":2793617,"href":"https:\/\/iqbooster.org\/sv\/wp-json\/wp\/v2\/pages\/2568275\/revisions\/2793617"}],"wp:attachment":[{"href":"https:\/\/iqbooster.org\/sv\/wp-json\/wp\/v2\/media?parent=2568275"}],"curies":[{"name":"wp","href":"https:\/\/api.w.org\/{rel}","templated":true}]}}