    {"id":2568203,"date":"2025-03-24T14:50:36","date_gmt":"2025-03-24T12:50:36","guid":{"rendered":"https:\/\/iqbooster.org\/?page_id=2568203"},"modified":"2025-09-19T10:53:50","modified_gmt":"2025-09-19T07:53:50","slug":"about-iq-booster","status":"publish","type":"page","link":"https:\/\/iqbooster.org\/sv\/about-iq-booster\/","title":{"rendered":"About IQ Booster"},"content":{"rendered":"<p><strong>IQ Booster \u00e4r en hj\u00e4rntr\u00e4nings\u00adtj\u00e4nst som tillhandah\u00e5lls av WW IQ Test f\u00f6r att hj\u00e4lpa anv\u00e4ndare att f\u00f6rb\u00e4ttra sina kognitiva f\u00e4rdigheter.<\/strong><\/p>\n<p class=\"translation-block\">Som en del av <strong>WW IQ Test-upplevelsen<\/strong> bjuds anv\u00e4ndare som har slutf\u00f6rt IQ-testet in att g\u00e5 med i IQ Booster f\u00f6r en mer avancerad och skr\u00e4ddarsydd hj\u00e4rntr\u00e4ningsupplevelse. IQ Booster \u00e4r en <strong>premiumtj\u00e4nst<\/strong>, och \u00e5tkomst finns antingen via en <strong>eng\u00e5ngsbetalning<\/strong> eller en flexibel <strong>prenumerationsplan<\/strong>.<\/p>\n<p>Oavsett om du vill f\u00f6rb\u00e4ttra minnet, sk\u00e4rpa fokus, st\u00e4rka probleml\u00f6sningsf\u00f6rm\u00e5ga eller \u00f6ka din mentala smidighet ger IQ Booster dig verktygen f\u00f6r att lyckas. Med en anv\u00e4ndarv\u00e4nlig plattform och personliga tr\u00e4ningsprogram st\u00f6djer IQ Booster din resa mot att bli mer sj\u00e4lvs\u00e4ker och effektiv i alla livets aspekter.<\/p>\n<p class=\"translation-block\"><strong>IQ Booster erbjuder dagliga tr\u00e4ningspass<\/strong> inom flera viktiga \u00e4mnen. Varje pass \u00e4r utformat f\u00f6r att hj\u00e4lpa dig att bygga upp och uppr\u00e4tth\u00e5lla starkare mental prestation \u00f6ver tid.<\/p>\n<p><strong><strong>logiskt resonemang<\/strong><\/strong><\/p>\n<p>Logiska resonemangsfr\u00e5gor inneb\u00e4r att anv\u00e4nda kritiskt t\u00e4nkande f\u00f6r att bed\u00f6ma logiska relationer mellan p\u00e5st\u00e5enden eller argument. Du anv\u00e4nder kritiskt t\u00e4nkande f\u00f6r att utv\u00e4rdera de logiska kopplingarna mellan p\u00e5st\u00e5enden eller argument.<\/p>\n<p><img loading=\"lazy\" decoding=\"async\" class=\"aligncenter wp-image-2934004 size-full\" src=\"https:\/\/iqbooster.org\/wp-content\/uploads\/2025\/09\/locial-en.png\" alt=\"\" width=\"1259\" height=\"762\" srcset=\"https:\/\/iqbooster.org\/wp-content\/uploads\/2025\/09\/locial-en.png 1259w, https:\/\/iqbooster.org\/wp-content\/uploads\/2025\/09\/locial-en-300x182.png 300w, https:\/\/iqbooster.org\/wp-content\/uploads\/2025\/09\/locial-en-1024x620.png 1024w, https:\/\/iqbooster.org\/wp-content\/uploads\/2025\/09\/locial-en-768x465.png 768w, https:\/\/iqbooster.org\/wp-content\/uploads\/2025\/09\/locial-en-18x12.png 18w, https:\/\/iqbooster.org\/wp-content\/uploads\/2025\/09\/locial-en-600x363.png 600w\" sizes=\"auto, (max-width: 1259px) 100vw, 1259px\" \/><\/p>\n<p><strong>Talserie<\/strong><\/p>\n<p>Arbeta med talserier som testar din f\u00f6rm\u00e5ga att identifiera och f\u00f6ruts\u00e4ga m\u00f6nster i numeriska sekvenser. Dessa uppgifter kan inkludera att hitta saknade tal, best\u00e4mma n\u00e4sta tal i en sekvens och urskilja den underliggande regeln.<\/p>\n<p>&nbsp;<\/p>\n<p><img loading=\"lazy\" decoding=\"async\" class=\"wp-image-2934013 size-full aligncenter\" src=\"https:\/\/iqbooster.org\/wp-content\/uploads\/2025\/09\/numbersequance-en.png\" alt=\"\" width=\"1260\" height=\"742\" srcset=\"https:\/\/iqbooster.org\/wp-content\/uploads\/2025\/09\/numbersequance-en.png 1260w, https:\/\/iqbooster.org\/wp-content\/uploads\/2025\/09\/numbersequance-en-300x177.png 300w, https:\/\/iqbooster.org\/wp-content\/uploads\/2025\/09\/numbersequance-en-1024x603.png 1024w, https:\/\/iqbooster.org\/wp-content\/uploads\/2025\/09\/numbersequance-en-768x452.png 768w, https:\/\/iqbooster.org\/wp-content\/uploads\/2025\/09\/numbersequance-en-18x12.png 18w, https:\/\/iqbooster.org\/wp-content\/uploads\/2025\/09\/numbersequance-en-600x353.png 600w\" sizes=\"auto, (max-width: 1260px) 100vw, 1260px\" \/><\/p>\n<p><strong>Symboliskt spr\u00e5k<\/strong><\/p>\n<p>Symbolspr\u00e5ksfr\u00e5gor inneb\u00e4r anv\u00e4ndning av symboler f\u00f6r att avbilda relationer mellan objekt, begrepp eller id\u00e9er. F\u00f6rs\u00f6k identifiera \u00f6vers\u00e4ttningsord fr\u00e5n flera kolumner i olika, \u00f6verlappande symboliska \u201cordb\u00f6cker\u201d.<\/p>\n<p><img loading=\"lazy\" decoding=\"async\" class=\"aligncenter wp-image-2934005 size-full\" src=\"https:\/\/iqbooster.org\/wp-content\/uploads\/2025\/09\/symbolic-en.png\" alt=\"\" width=\"1261\" height=\"768\" srcset=\"https:\/\/iqbooster.org\/wp-content\/uploads\/2025\/09\/symbolic-en.png 1261w, https:\/\/iqbooster.org\/wp-content\/uploads\/2025\/09\/symbolic-en-300x183.png 300w, https:\/\/iqbooster.org\/wp-content\/uploads\/2025\/09\/symbolic-en-1024x624.png 1024w, https:\/\/iqbooster.org\/wp-content\/uploads\/2025\/09\/symbolic-en-768x468.png 768w, https:\/\/iqbooster.org\/wp-content\/uploads\/2025\/09\/symbolic-en-18x12.png 18w, https:\/\/iqbooster.org\/wp-content\/uploads\/2025\/09\/symbolic-en-600x365.png 600w\" sizes=\"auto, (max-width: 1261px) 100vw, 1261px\" \/><\/p>\n<p><strong>Allm\u00e4nbildning<\/strong><\/p>\n<p>Allm\u00e4nbildningsfr\u00e5gor testar din breda kunskap inom ett stort antal \u00e4mnen och kr\u00e4ver en omfattande f\u00f6rst\u00e5else av information och fakta.<\/p>\n<p>Testa din allm\u00e4nbildning inom olika omr\u00e5den som historia, geografi, naturvetenskap, konst, litteratur och popul\u00e4rkultur.<\/p>\n<p><img loading=\"lazy\" decoding=\"async\" class=\"aligncenter wp-image-2933999 size-full\" src=\"https:\/\/iqbooster.org\/wp-content\/uploads\/2025\/09\/general-en.png\" alt=\"\" width=\"1261\" height=\"765\" srcset=\"https:\/\/iqbooster.org\/wp-content\/uploads\/2025\/09\/general-en.png 1261w, https:\/\/iqbooster.org\/wp-content\/uploads\/2025\/09\/general-en-300x182.png 300w, https:\/\/iqbooster.org\/wp-content\/uploads\/2025\/09\/general-en-1024x621.png 1024w, https:\/\/iqbooster.org\/wp-content\/uploads\/2025\/09\/general-en-768x466.png 768w, https:\/\/iqbooster.org\/wp-content\/uploads\/2025\/09\/general-en-18x12.png 18w, https:\/\/iqbooster.org\/wp-content\/uploads\/2025\/09\/general-en-600x364.png 600w\" sizes=\"auto, (max-width: 1261px) 100vw, 1261px\" \/><\/p>\n<p><strong>Visuellt resonemang<\/strong><\/p>\n<p>Visuella\/rumsliga utmaningar inneb\u00e4r att identifiera m\u00f6nster, mentalt rotera objekt, l\u00f6sa rumsliga problem och visualisera komplexa strukturer.<\/p>\n<p><img loading=\"lazy\" decoding=\"async\" class=\"aligncenter wp-image-2934010 size-full\" src=\"https:\/\/iqbooster.org\/wp-content\/uploads\/2025\/09\/visual-en.png\" alt=\"\" width=\"1260\" height=\"771\" srcset=\"https:\/\/iqbooster.org\/wp-content\/uploads\/2025\/09\/visual-en.png 1260w, https:\/\/iqbooster.org\/wp-content\/uploads\/2025\/09\/visual-en-300x184.png 300w, https:\/\/iqbooster.org\/wp-content\/uploads\/2025\/09\/visual-en-1024x627.png 1024w, https:\/\/iqbooster.org\/wp-content\/uploads\/2025\/09\/visual-en-768x470.png 768w, https:\/\/iqbooster.org\/wp-content\/uploads\/2025\/09\/visual-en-18x12.png 18w, https:\/\/iqbooster.org\/wp-content\/uploads\/2025\/09\/visual-en-600x367.png 600w\" sizes=\"auto, (max-width: 1260px) 100vw, 1260px\" \/><\/p>\n<p><strong>Framstegssp\u00e5rning<\/strong><\/p>\n<p class=\"translation-block\">Med IQ Booster kan du ocks\u00e5 <strong>f\u00f6lja din utveckling<\/strong> inom olika kognitiva omr\u00e5den. Plattformen visar exakt var du befinner dig, lyfter fram dina <strong>styrkor<\/strong> och <strong>svagheter<\/strong> och hj\u00e4lper dig att identifiera vilka omr\u00e5den som beh\u00f6ver f\u00f6rb\u00e4ttras. Detta g\u00f6r att du kan anpassa din tr\u00e4ning och fokusera p\u00e5 de f\u00e4rdigheter som \u00e4r viktigast f\u00f6r dig.<\/p>\n<p><img loading=\"lazy\" decoding=\"async\" class=\"aligncenter wp-image-2934071 size-full\" src=\"https:\/\/iqbooster.org\/wp-content\/uploads\/2025\/09\/dashboard-en.png\" alt=\"\" width=\"1665\" height=\"954\" srcset=\"https:\/\/iqbooster.org\/wp-content\/uploads\/2025\/09\/dashboard-en.png 1665w, https:\/\/iqbooster.org\/wp-content\/uploads\/2025\/09\/dashboard-en-300x172.png 300w, https:\/\/iqbooster.org\/wp-content\/uploads\/2025\/09\/dashboard-en-1024x587.png 1024w, https:\/\/iqbooster.org\/wp-content\/uploads\/2025\/09\/dashboard-en-768x440.png 768w, https:\/\/iqbooster.org\/wp-content\/uploads\/2025\/09\/dashboard-en-1536x880.png 1536w, https:\/\/iqbooster.org\/wp-content\/uploads\/2025\/09\/dashboard-en-18x10.png 18w, https:\/\/iqbooster.org\/wp-content\/uploads\/2025\/09\/dashboard-en-600x344.png 600w\" sizes=\"auto, (max-width: 1665px) 100vw, 1665px\" \/><\/p>\n<p>&nbsp;<\/p>\n<p><strong>Hj\u00e4rnspel<\/strong><\/p>\n<p class=\"translation-block\">Ut\u00f6ver dagliga tr\u00e4ningspass kan du njuta av <strong>obegr\u00e4nsade hj\u00e4rnspel<\/strong> som sk\u00e4rper ditt minne, f\u00f6rb\u00e4ttrar fokus, st\u00e4rker probleml\u00f6sningsf\u00f6rm\u00e5ga och \u00f6kar ditt kritiska t\u00e4nkande \u2014 allt utformat f\u00f6r att h\u00e5lla ditt sinne aktivt och i utveckling.<\/p>\n<p>&nbsp;<\/p>\n<p><img loading=\"lazy\" decoding=\"async\" class=\"aligncenter wp-image-2933997 size-full\" src=\"https:\/\/iqbooster.org\/wp-content\/uploads\/2025\/09\/game-en.png\" alt=\"\" width=\"1259\" height=\"952\" srcset=\"https:\/\/iqbooster.org\/wp-content\/uploads\/2025\/09\/game-en.png 1259w, https:\/\/iqbooster.org\/wp-content\/uploads\/2025\/09\/game-en-300x227.png 300w, https:\/\/iqbooster.org\/wp-content\/uploads\/2025\/09\/game-en-1024x774.png 1024w, https:\/\/iqbooster.org\/wp-content\/uploads\/2025\/09\/game-en-768x581.png 768w, https:\/\/iqbooster.org\/wp-content\/uploads\/2025\/09\/game-en-16x12.png 16w, https:\/\/iqbooster.org\/wp-content\/uploads\/2025\/09\/game-en-600x454.png 600w\" sizes=\"auto, (max-width: 1259px) 100vw, 1259px\" \/><\/p>\n<p class=\"translation-block\">Du kan anv\u00e4nda IQ Booster n\u00e4r som helst och var som helst \u2013 p\u00e5 din <strong>dator<\/strong>, <strong>surfplatta<\/strong> eller <strong>mobiltelefon<\/strong>. Tj\u00e4nsten erbjuder ett brett utbud av <strong>roliga och utmanande hj\u00e4rnspel<\/strong>, utformade f\u00f6r att stimulera ditt sinne och hj\u00e4lpa dig att kontinuerligt f\u00f6rb\u00e4ttra dina kognitiva f\u00e4rdigheter.<\/p>\n<p><strong>Tr\u00e4na smartare, t\u00e4nk snabbare och uppn\u00e5 mer med IQ Booster.<\/strong><\/p>\n<p>&nbsp;<\/p>","protected":false},"excerpt":{"rendered":"<p>IQ Booster is a brain training service provided by WW IQ Test to help users enhance their cognitive skills. As part of the WW IQ Test experience, users who complete the IQ Test are invited to join IQ Booster for a more advanced and tailored brain training experience. IQ Booster is a premium service, and [&hellip;]<\/p>\n","protected":false},"author":1,"featured_media":0,"parent":0,"menu_order":0,"comment_status":"closed","ping_status":"closed","template":"page-template\/cms-page.php","meta":{"footnotes":""},"class_list":["post-2568203","page","type-page","status-publish","hentry"],"acf":[],"ams_acf":[],"_links":{"self":[{"href":"https:\/\/iqbooster.org\/sv\/wp-json\/wp\/v2\/pages\/2568203","targetHints":{"allow":["GET"]}}],"collection":[{"href":"https:\/\/iqbooster.org\/sv\/wp-json\/wp\/v2\/pages"}],"about":[{"href":"https:\/\/iqbooster.org\/sv\/wp-json\/wp\/v2\/types\/page"}],"author":[{"embeddable":true,"href":"https:\/\/iqbooster.org\/sv\/wp-json\/wp\/v2\/users\/1"}],"replies":[{"embeddable":true,"href":"https:\/\/iqbooster.org\/sv\/wp-json\/wp\/v2\/comments?post=2568203"}],"version-history":[{"count":5,"href":"https:\/\/iqbooster.org\/sv\/wp-json\/wp\/v2\/pages\/2568203\/revisions"}],"predecessor-version":[{"id":2933985,"href":"https:\/\/iqbooster.org\/sv\/wp-json\/wp\/v2\/pages\/2568203\/revisions\/2933985"}],"wp:attachment":[{"href":"https:\/\/iqbooster.org\/sv\/wp-json\/wp\/v2\/media?parent=2568203"}],"curies":[{"name":"wp","href":"https:\/\/api.w.org\/{rel}","templated":true}]}}