    {"id":2568275,"date":"2025-03-24T14:51:09","date_gmt":"2025-03-24T12:51:09","guid":{"rendered":"https:\/\/iqbooster.org\/?page_id=2568275"},"modified":"2025-05-20T15:04:19","modified_gmt":"2025-05-20T12:04:19","slug":"iq-booster-subscription-policies","status":"publish","type":"page","link":"https:\/\/iqbooster.org\/no\/iq-booster-subscription-policies\/","title":{"rendered":"IQ Booster SUBSCRIPTION POLICIES"},"content":{"rendered":"<p>Disse abonnementsvilk\u00e5rene (\u00abVilk\u00e5rene\u00bb) gjelder for abonnementstjenesten som utelukkende er tilgjengelig for kunder som har fullf\u00f8rt en vurdering p\u00e5 IQBooster.org og\/eller WWIQtest og\/eller QuickIQ og\/eller WWPersonalityTest eller andre (\u00abvi\u00bb, \u00aboss\u00bb eller \u00abSelskapet\u00bb) for dets hjernetreningstjenester. Disse vilk\u00e5rene er en integrert del av v\u00e5re vilk\u00e5r og betingelser og m\u00e5 leses sammen med andre juridiske dokumenter vi kan tilby. Ved \u00e5 abonnere p\u00e5 eller kj\u00f8pe v\u00e5re planer bekrefter du at du har lest, forst\u00e5tt og samtykker i \u00e5 v\u00e6re bundet av disse vilk\u00e5rene. Hvis du ikke godtar disse vilk\u00e5rene, har du ikke tillatelse til \u00e5 kj\u00f8pe eller bruke noen abonnementsplan tilbudt av IQ Booster.<\/p>\n<p><strong>1. ABONNEMENTSTILBUD OG GEBYRER<\/strong><\/p>\n<p>1.1\u00a0 <strong>Tilgjengelige planer<\/strong><\/p>\n<p>IQ Booster tilbyr flere typer hjernetreningsplaner:<\/p>\n<ul>\n<li class=\"translation-block\"><strong>Engangsbetaling<\/strong>-plan<\/li>\n<li><strong><strong>M\u00e5nedlig l\u00f8pende abonnement<\/strong><\/strong><\/li>\n<li><strong><strong>3-m\u00e5neders l\u00f8pende abonnement<\/strong><\/strong><\/li>\n<\/ul>\n<p>1.2 <strong>Pr\u00f8vetilbud<\/strong><\/p>\n<p>Enkelte abonnementsplaner kan inkludere en \u00e9n ukes pr\u00f8veperiode til redusert pris. Med mindre du kansellerer minst 24 (tjuefire) timer f\u00f8r slutten av pr\u00f8veperioden, vil abonnementet automatisk fornyes til standard m\u00e5nedspris som angitt p\u00e5 nettstedet v\u00e5rt (\u00abStandardpris\u00bb). Du samtykker herved til at manglende kansellering f\u00f8r pr\u00f8veperiodens slutt utgj\u00f8r uttrykkelig samtykke til \u00e5 fortsette abonnementet til standardpris.<\/p>\n<p>1.3 <strong>Automatisk fornyelse<\/strong><\/p>\n<p>Tenzij anders vermeld, worden zowel de 1-maands- als de 3-maandsabonnementen automatisch verlengd aan het einde van elke factureringsperiode tegen het dan geldende tarief, tenzij u opzegt volgens de hieronder beschreven annuleringsprocedures. Door een abonnement aan te schaffen, machtigt u ons (of onze externe betalingsverwerker) om de toepasselijke abonnementsvergoeding automatisch in rekening te brengen via de door u opgegeven betaalmethode.<\/p>\n<p>1.4 <strong>Aktivering av abonnement<\/strong><\/p>\n<p>Du kan aktivere et abonnement f\u00f8rst etter \u00e5 ha fullf\u00f8rt nettbaserte tester p\u00e5 nettstedene WWIQtest og\/eller QuickIQ og\/eller WWPersonalityTest eller andre. Ved \u00e5 fortsette med abonnementet bekrefter du at du er minst seksten (16) \u00e5r gammel (eller ellers har lovlig alder til \u00e5 inng\u00e5 en bindende avtale i henhold til lokal lovgivning) og at du har juridisk myndighet til \u00e5 kj\u00f8pe eller bruke v\u00e5re tjenester.<\/p>\n<p><strong>2. KANSELLERING<\/strong><\/p>\n<p>2.1 <strong>Your Right to Cancel<\/strong><\/p>\n<p class=\"translation-block\">Du kan kansellere abonnementet ditt n\u00e5r som helst i medlemsomr\u00e5det for fakturering i IQBooster eller ved \u00e5 kontakte v\u00e5rt supportteam p\u00e5 <a href=\"mailto:info@iqbooster.org\" target=\"_self\">info@iqbooster.org<\/a>. Kanselleringsforesp\u00f8rsler m\u00e5 mottas minst 24 (tjuefire) timer f\u00f8r fornyelsesdatoen for \u00e5 unng\u00e5 belastning for neste faktureringsperiode. N\u00e5r kanselleringen er behandlet, vil abonnementet ditt ikke bli fornyet, men du vil beholde tilgangen til abonnementets funksjoner i resten av din n\u00e5v\u00e6rende faktureringsperiode.<\/p>\n<p>2.2 <strong>Virkning av kansellering<\/strong><\/p>\n<p>\u00c5 kansellere abonnementet ditt stopper den automatiske fornyelsen av planen din. Du vil imidlertid ikke motta noen forholdsmessig refusjon eller kreditt for ubrukt tid innenfor din n\u00e5v\u00e6rende faktureringsperiode, med mindre dette er p\u00e5krevd i henhold til ufravikelig lov i ditt bostedsland eller som angitt i disse vilk\u00e5rene.<\/p>\n<p><strong>3. REFUSJONSPOLICY<\/strong><\/p>\n<p>3.1 <strong>Generell ikke-refunderbar policy<\/strong><\/p>\n<p>Abonnementsavgifter refunderes ikke, og det gis ingen forholdsmessige refusjoner eller kreditter for delvis brukte abonnementsperioder, med mindre dette er p\u00e5krevd i henhold til gjeldende lov i din jurisdiksjon eller som angitt nedenfor.<\/p>\n<p>3.2 <strong>Unntak i henhold til lokal lov<\/strong><\/p>\n<p>Du kan ha ytterligere rettigheter til refusjon eller kansellering i henhold til lovene i ditt bostedsland. Dersom lokal lovgivning krever refusjon under visse omstendigheter, vil vi overholde slike juridiske krav.<\/p>\n<p>3.3 <strong>Spesifikke jurisdiksjonelle retningslinjer<\/strong><\/p>\n<p><strong>Innbyggere i Den europeiske union (EU):<\/strong><\/p>\n<p>I henhold til EUs forbrukerbeskyttelseslover har du rett til \u00e5 trekke deg fra en avtale om digitale tjenester innen fjorten (14) dager fra avtaleinng\u00e5elsen, forutsatt at tjenesten ikke er startet etter din uttrykkelige foresp\u00f8rsel. Ved \u00e5 starte eller fortsette \u00e5 bruke IQ Booster-tjenestene umiddelbart etter kj\u00f8pet, bekrefter du og samtykker uttrykkelig til oppstarten av tjenestene og gir avkall p\u00e5 din lovfestede angrerett n\u00e5r tjenesten er levert.<\/p>\n<p><strong>Refusjonspolicy for Japan og S\u00f8r-Korea<\/strong><\/p>\n<p><strong>Japan<\/strong>: I samsvar med forbrukeravtaleloven kan brukere be om refusjon innen \u00e5tte (8) dager etter kj\u00f8pet dersom de ikke har brukt tjenesten. Hvis tjenesten er blitt brukt, er refusjon vanligvis kun tilgjengelig dersom produktet er mangelfullt eller tilgang til tjenesten ikke ble gitt korrekt.<\/p>\n<p><strong>S\u00f8r-Korea<\/strong>: I henhold til lov om forbrukerbeskyttelse ved elektronisk handel kan brukere kansellere kj\u00f8pet innen syv (7) dager etter transaksjonen, med mindre de har f\u00e5tt tilgang til tjenesten. Dersom digitalt innhold er levert eller brukt, kan refusjon ikke gis med mindre tjenesten var mangelfull eller utilgjengelig.<\/p>\n<p><strong>4. BETALING OG FORNYELSER<\/strong><\/p>\n<p>4.1 <strong>Betalingsbehandling<\/strong><\/p>\n<p>Alle abonnementsavgifter (inkludert de for pr\u00f8veperioder som konverteres til betalte planer) belastes p\u00e5 forh\u00e5nd og behandles gjennom v\u00e5re utpekte betalingsleverand\u00f8rer. Du m\u00e5 s\u00f8rge for at betalingsinformasjonen din er korrekt og oppdatert, da manglende betaling kan f\u00f8re til suspensjon eller kansellering av abonnementet ditt.<\/p>\n<p>4.2 <strong>Prisendringer<\/strong><\/p>\n<p>Vi forbeholder oss retten til \u00e5 endre abonnementsavgiftene n\u00e5r som helst etter eget skj\u00f8nn. Vi vil gj\u00f8re rimelige anstrengelser for \u00e5 gi forh\u00e5ndsvarsel om eventuelle endringer. Din fortsatte bruk av abonnementet etter en endring i avgiftene inneb\u00e6rer at du godtar \u00e5 betale den endrede avgiften.<\/p>\n<p><strong>5. ANSVARSFRASKRIVELSE FOR GARANTIER OG ANSVARSBEGRENSNING<\/strong><\/p>\n<p><strong>VIKTIG MERKNAD:<\/strong><\/p>\n<ul>\n<li>Abonnementstjenestene som tilbys av IQ Booster er kun ment for personlig utvikling og underholdning, og ikke for medisinske, psykologiske eller kliniske diagnoser.<\/li>\n<li>Vi gir ingen garantier eller erkl\u00e6ringer av noe slag om uavbrutt eller feilfri tilgjengelighet av v\u00e5re abonnementstjenester.<\/li>\n<li>V\u00e5rt totale ansvar under disse vilk\u00e5rene, uansett grunnlag, er begrenset til bel\u00f8pet du faktisk har betalt for den gjeldende abonnementsperioden, eller USD 1, avhengig av hva som er h\u00f8yest, med mindre annet er p\u00e5krevd i henhold til ufravikelig lov.<\/li>\n<\/ul>\n<p><strong>6. ENDRINGER I DISSE RETNINGSLINJENE<\/strong><\/p>\n<p>Vi kan endre eller oppdatere disse vilk\u00e5rene fra tid til annen for \u00e5 gjenspeile endringer i v\u00e5re rutiner og\/eller gjeldende lovgivning. Ved vesentlige endringer vil vi, n\u00e5r det er mulig, publisere et varsel p\u00e5 nettstedet v\u00e5rt eller sende deg en e-postvarsling. Din fortsatte bruk av abonnementet etter at slike endringer trer i kraft, inneb\u00e6rer at du godtar de oppdaterte vilk\u00e5rene.<\/p>\n<p><strong>7. KONTAKT OSS<\/strong><\/p>\n<p class=\"translation-block\">Hvis du har sp\u00f8rsm\u00e5l, bekymringer eller \u00f8nsker \u00e5 ut\u00f8ve noen av dine rettigheter i henhold til disse vilk\u00e5rene, vennligst kontakt oss p\u00e5: <a href=\"mailto:info@iqbooster.org\" target=\"_self\">info@iqbooster.org<\/a><\/p>\n<p>Vi vil gj\u00f8re kommersielt rimelige anstrengelser for \u00e5 svare deg i tide og h\u00e5ndtere eventuelle bekymringer du m\u00e5tte ha om disse vilk\u00e5rene eller abonnementet ditt.<\/p>\n<p>Ved \u00e5 abonnere p\u00e5 en hvilken som helst IQ Booster-plan bekrefter du at du har lest og forst\u00e5tt disse abonnementsvilk\u00e5rene, godtar \u00e5 v\u00e6re bundet av dem, og at de utgj\u00f8r en integrert del av v\u00e5re vilk\u00e5r og betingelser. Hvis du ikke godtar disse vilk\u00e5rene, vennligst ikke kj\u00f8p eller fortsett \u00e5 bruke noe IQ Booster-abonnement.<\/p>\n<p><strong>Sist revidert: 10.01.2025<\/strong><\/p>\n<p><span style=\"font-weight: 400\">* Innholdet v\u00e5rt tilbys p\u00e5 flere spr\u00e5k gjennom en kombinasjon av menneskelig og KI-assistert oversettelse. Selv om vi gj\u00f8r v\u00e5rt beste for \u00e5 sikre n\u00f8yaktighet, er den engelske versjonen den offisielle og juridisk bindende teksten.<\/span><\/p>","protected":false},"excerpt":{"rendered":"<p>These Subscription Policies (the \u201cPolicies\u201d) govern the subscription service exclusively available to clients who have completed an assessment on IQBooster.org and\/or WWIQtest and\/or QuickIQ and\/or WWPersonalityTest or others, (\u201cwe,\u201d \u201cus,\u201d or the \u201cCompany\u201d) for its brain training services. These Policies are an integral part of our Terms and Conditions and must be read together with [&hellip;]<\/p>\n","protected":false},"author":1,"featured_media":0,"parent":0,"menu_order":0,"comment_status":"closed","ping_status":"closed","template":"page-template\/cms-page.php","meta":{"footnotes":""},"class_list":["post-2568275","page","type-page","status-publish","hentry"],"acf":[],"ams_acf":[],"_links":{"self":[{"href":"https:\/\/iqbooster.org\/no\/wp-json\/wp\/v2\/pages\/2568275","targetHints":{"allow":["GET"]}}],"collection":[{"href":"https:\/\/iqbooster.org\/no\/wp-json\/wp\/v2\/pages"}],"about":[{"href":"https:\/\/iqbooster.org\/no\/wp-json\/wp\/v2\/types\/page"}],"author":[{"embeddable":true,"href":"https:\/\/iqbooster.org\/no\/wp-json\/wp\/v2\/users\/1"}],"replies":[{"embeddable":true,"href":"https:\/\/iqbooster.org\/no\/wp-json\/wp\/v2\/comments?post=2568275"}],"version-history":[{"count":5,"href":"https:\/\/iqbooster.org\/no\/wp-json\/wp\/v2\/pages\/2568275\/revisions"}],"predecessor-version":[{"id":2793617,"href":"https:\/\/iqbooster.org\/no\/wp-json\/wp\/v2\/pages\/2568275\/revisions\/2793617"}],"wp:attachment":[{"href":"https:\/\/iqbooster.org\/no\/wp-json\/wp\/v2\/media?parent=2568275"}],"curies":[{"name":"wp","href":"https:\/\/api.w.org\/{rel}","templated":true}]}}