    {"id":2568203,"date":"2025-03-24T14:50:36","date_gmt":"2025-03-24T12:50:36","guid":{"rendered":"https:\/\/iqbooster.org\/?page_id=2568203"},"modified":"2025-09-19T10:53:50","modified_gmt":"2025-09-19T07:53:50","slug":"about-iq-booster","status":"publish","type":"page","link":"https:\/\/iqbooster.org\/no\/about-iq-booster\/","title":{"rendered":"About IQ Booster"},"content":{"rendered":"<p><strong>IQ Booster er en hjernetreningstjeneste levert av WW IQ Test for \u00e5 hjelpe brukere med \u00e5 forbedre sine kognitive ferdigheter.<\/strong><\/p>\n<p class=\"translation-block\">Som en del av <strong>WW IQ Test-opplevelsen<\/strong> inviteres brukere som har fullf\u00f8rt IQ-testen til \u00e5 bli med i IQ Booster for en mer avansert og skreddersydd hjernetreningsopplevelse. IQ Booster er en <strong>premiumtjeneste<\/strong>, og tilgang er tilgjengelig enten gjennom en <strong>engangsbetaling<\/strong> eller en fleksibel <strong>abonnementsplan<\/strong>.<\/p>\n<p>Enten du \u00f8nsker \u00e5 forbedre hukommelsen, skjerpe konsentrasjonen, styrke probleml\u00f8sningsevner eller \u00f8ke mental smidighet, gir IQ Booster deg verkt\u00f8yene du trenger for \u00e5 lykkes. Med en brukervennlig plattform og personlige treningsprogrammer st\u00f8tter IQ Booster deg p\u00e5 reisen mot \u00e5 bli mer selvsikker og effektiv i alle livets aspekter.<\/p>\n<p class=\"translation-block\"><strong>IQ Booster tilbyr daglige \u00f8velser<\/strong> innen flere viktige temaer. Hver \u00f8kt er utformet for \u00e5 hjelpe deg med \u00e5 bygge opp og opprettholde sterkere mental ytelse over tid.<\/p>\n<p><strong><strong>logisk resonnering<\/strong><\/strong><\/p>\n<p>Logiske resonneringsoppgaver inneb\u00e6rer bruk av kritisk tenkning for \u00e5 vurdere logiske sammenhenger mellom utsagn eller argumenter. Du vil bruke kritisk tenkning til \u00e5 evaluere de logiske forbindelsene mellom utsagn eller argumenter.<\/p>\n<p><img loading=\"lazy\" decoding=\"async\" class=\"aligncenter wp-image-2934004 size-full\" src=\"https:\/\/iqbooster.org\/wp-content\/uploads\/2025\/09\/locial-en.png\" alt=\"\" width=\"1259\" height=\"762\" srcset=\"https:\/\/iqbooster.org\/wp-content\/uploads\/2025\/09\/locial-en.png 1259w, https:\/\/iqbooster.org\/wp-content\/uploads\/2025\/09\/locial-en-300x182.png 300w, https:\/\/iqbooster.org\/wp-content\/uploads\/2025\/09\/locial-en-1024x620.png 1024w, https:\/\/iqbooster.org\/wp-content\/uploads\/2025\/09\/locial-en-768x465.png 768w, https:\/\/iqbooster.org\/wp-content\/uploads\/2025\/09\/locial-en-18x12.png 18w, https:\/\/iqbooster.org\/wp-content\/uploads\/2025\/09\/locial-en-600x363.png 600w\" sizes=\"auto, (max-width: 1259px) 100vw, 1259px\" \/><\/p>\n<p><strong>Tallrekke<\/strong><\/p>\n<p>Gj\u00f8r oppgaver med tallrekker som tester din evne til \u00e5 identifisere og forutsi m\u00f8nstre i numeriske sekvenser. Disse oppgavene kan inkludere \u00e5 finne manglende tall, bestemme neste tall i en sekvens og forst\u00e5 den underliggende regelen.<\/p>\n<p>&nbsp;<\/p>\n<p><img loading=\"lazy\" decoding=\"async\" class=\"wp-image-2934013 size-full aligncenter\" src=\"https:\/\/iqbooster.org\/wp-content\/uploads\/2025\/09\/numbersequance-en.png\" alt=\"\" width=\"1260\" height=\"742\" srcset=\"https:\/\/iqbooster.org\/wp-content\/uploads\/2025\/09\/numbersequance-en.png 1260w, https:\/\/iqbooster.org\/wp-content\/uploads\/2025\/09\/numbersequance-en-300x177.png 300w, https:\/\/iqbooster.org\/wp-content\/uploads\/2025\/09\/numbersequance-en-1024x603.png 1024w, https:\/\/iqbooster.org\/wp-content\/uploads\/2025\/09\/numbersequance-en-768x452.png 768w, https:\/\/iqbooster.org\/wp-content\/uploads\/2025\/09\/numbersequance-en-18x12.png 18w, https:\/\/iqbooster.org\/wp-content\/uploads\/2025\/09\/numbersequance-en-600x353.png 600w\" sizes=\"auto, (max-width: 1260px) 100vw, 1260px\" \/><\/p>\n<p><strong>Symbolsk spr\u00e5k<\/strong><\/p>\n<p>Symbolspr\u00e5koppgaver inneb\u00e6rer bruk av symboler for \u00e5 fremstille relasjoner mellom objekter, konsepter eller ideer. Pr\u00f8v \u00e5 identifisere oversettelsesord fra flere kolonner i forskjellige, overlappende symbolske \u00abordb\u00f8ker\u00bb.<\/p>\n<p><img loading=\"lazy\" decoding=\"async\" class=\"aligncenter wp-image-2934005 size-full\" src=\"https:\/\/iqbooster.org\/wp-content\/uploads\/2025\/09\/symbolic-en.png\" alt=\"\" width=\"1261\" height=\"768\" srcset=\"https:\/\/iqbooster.org\/wp-content\/uploads\/2025\/09\/symbolic-en.png 1261w, https:\/\/iqbooster.org\/wp-content\/uploads\/2025\/09\/symbolic-en-300x183.png 300w, https:\/\/iqbooster.org\/wp-content\/uploads\/2025\/09\/symbolic-en-1024x624.png 1024w, https:\/\/iqbooster.org\/wp-content\/uploads\/2025\/09\/symbolic-en-768x468.png 768w, https:\/\/iqbooster.org\/wp-content\/uploads\/2025\/09\/symbolic-en-18x12.png 18w, https:\/\/iqbooster.org\/wp-content\/uploads\/2025\/09\/symbolic-en-600x365.png 600w\" sizes=\"auto, (max-width: 1261px) 100vw, 1261px\" \/><\/p>\n<p><strong>Allmennkunnskap<\/strong><\/p>\n<p>Allmennkunnskapsoppgaver vurderer din brede kunnskap p\u00e5 tvers av mange ulike temaer og krever en helhetlig forst\u00e5else av informasjon og fakta.<\/p>\n<p>Test din allmennkunnskap p\u00e5 tvers av ulike fagomr\u00e5der som historie, geografi, naturvitenskap, kunst, litteratur og popul\u00e6rkultur.<\/p>\n<p><img loading=\"lazy\" decoding=\"async\" class=\"aligncenter wp-image-2933999 size-full\" src=\"https:\/\/iqbooster.org\/wp-content\/uploads\/2025\/09\/general-en.png\" alt=\"\" width=\"1261\" height=\"765\" srcset=\"https:\/\/iqbooster.org\/wp-content\/uploads\/2025\/09\/general-en.png 1261w, https:\/\/iqbooster.org\/wp-content\/uploads\/2025\/09\/general-en-300x182.png 300w, https:\/\/iqbooster.org\/wp-content\/uploads\/2025\/09\/general-en-1024x621.png 1024w, https:\/\/iqbooster.org\/wp-content\/uploads\/2025\/09\/general-en-768x466.png 768w, https:\/\/iqbooster.org\/wp-content\/uploads\/2025\/09\/general-en-18x12.png 18w, https:\/\/iqbooster.org\/wp-content\/uploads\/2025\/09\/general-en-600x364.png 600w\" sizes=\"auto, (max-width: 1261px) 100vw, 1261px\" \/><\/p>\n<p><strong>Visuell resonnering<\/strong><\/p>\n<p>Visuelle\/romlige oppgaver inneb\u00e6rer \u00e5 identifisere m\u00f8nstre, mentalt rotere objekter, l\u00f8se romlige problemer og visualisere komplekse strukturer.<\/p>\n<p><img loading=\"lazy\" decoding=\"async\" class=\"aligncenter wp-image-2934010 size-full\" src=\"https:\/\/iqbooster.org\/wp-content\/uploads\/2025\/09\/visual-en.png\" alt=\"\" width=\"1260\" height=\"771\" srcset=\"https:\/\/iqbooster.org\/wp-content\/uploads\/2025\/09\/visual-en.png 1260w, https:\/\/iqbooster.org\/wp-content\/uploads\/2025\/09\/visual-en-300x184.png 300w, https:\/\/iqbooster.org\/wp-content\/uploads\/2025\/09\/visual-en-1024x627.png 1024w, https:\/\/iqbooster.org\/wp-content\/uploads\/2025\/09\/visual-en-768x470.png 768w, https:\/\/iqbooster.org\/wp-content\/uploads\/2025\/09\/visual-en-18x12.png 18w, https:\/\/iqbooster.org\/wp-content\/uploads\/2025\/09\/visual-en-600x367.png 600w\" sizes=\"auto, (max-width: 1260px) 100vw, 1260px\" \/><\/p>\n<p><strong>Fremdriftssporing<\/strong><\/p>\n<p class=\"translation-block\">Med IQ Booster kan du ogs\u00e5 <strong>spore fremgangen din<\/strong> innen ulike kognitive omr\u00e5der. Plattformen viser deg n\u00f8yaktig hvor du st\u00e5r, fremhever dine <strong>styrker<\/strong> og <strong>svakheter<\/strong>, og hjelper deg med \u00e5 identifisere hvilke omr\u00e5der som trenger forbedring. Dette gj\u00f8r at du kan tilpasse treningen din og fokusere p\u00e5 ferdighetene som betyr mest for deg.<\/p>\n<p><img loading=\"lazy\" decoding=\"async\" class=\"aligncenter wp-image-2934071 size-full\" src=\"https:\/\/iqbooster.org\/wp-content\/uploads\/2025\/09\/dashboard-en.png\" alt=\"\" width=\"1665\" height=\"954\" srcset=\"https:\/\/iqbooster.org\/wp-content\/uploads\/2025\/09\/dashboard-en.png 1665w, https:\/\/iqbooster.org\/wp-content\/uploads\/2025\/09\/dashboard-en-300x172.png 300w, https:\/\/iqbooster.org\/wp-content\/uploads\/2025\/09\/dashboard-en-1024x587.png 1024w, https:\/\/iqbooster.org\/wp-content\/uploads\/2025\/09\/dashboard-en-768x440.png 768w, https:\/\/iqbooster.org\/wp-content\/uploads\/2025\/09\/dashboard-en-1536x880.png 1536w, https:\/\/iqbooster.org\/wp-content\/uploads\/2025\/09\/dashboard-en-18x10.png 18w, https:\/\/iqbooster.org\/wp-content\/uploads\/2025\/09\/dashboard-en-600x344.png 600w\" sizes=\"auto, (max-width: 1665px) 100vw, 1665px\" \/><\/p>\n<p>&nbsp;<\/p>\n<p><strong>Hjernespill<\/strong><\/p>\n<p class=\"translation-block\">I tillegg til daglige \u00f8velser kan du nyte <strong>ubegrensede hjernespill<\/strong> som skjerper hukommelsen din, forbedrer fokus, styrker probleml\u00f8sning og \u00f8ker kritisk tenkning \u2013 alt designet for \u00e5 holde sinnet ditt aktivt og i utvikling.<\/p>\n<p>&nbsp;<\/p>\n<p><img loading=\"lazy\" decoding=\"async\" class=\"aligncenter wp-image-2933997 size-full\" src=\"https:\/\/iqbooster.org\/wp-content\/uploads\/2025\/09\/game-en.png\" alt=\"\" width=\"1259\" height=\"952\" srcset=\"https:\/\/iqbooster.org\/wp-content\/uploads\/2025\/09\/game-en.png 1259w, https:\/\/iqbooster.org\/wp-content\/uploads\/2025\/09\/game-en-300x227.png 300w, https:\/\/iqbooster.org\/wp-content\/uploads\/2025\/09\/game-en-1024x774.png 1024w, https:\/\/iqbooster.org\/wp-content\/uploads\/2025\/09\/game-en-768x581.png 768w, https:\/\/iqbooster.org\/wp-content\/uploads\/2025\/09\/game-en-16x12.png 16w, https:\/\/iqbooster.org\/wp-content\/uploads\/2025\/09\/game-en-600x454.png 600w\" sizes=\"auto, (max-width: 1259px) 100vw, 1259px\" \/><\/p>\n<p class=\"translation-block\">Du kan bruke IQ Booster n\u00e5r som helst og hvor som helst \u2013 p\u00e5 <strong>datamaskin<\/strong>, <strong>nettbrett<\/strong> eller <strong>mobiltelefon<\/strong>. Tjenesten tilbyr et bredt utvalg av <strong>morsomme og utfordrende hjernespill<\/strong>, designet for \u00e5 stimulere hjernen din og hjelpe deg med \u00e5 kontinuerlig forbedre dine kognitive ferdigheter.<\/p>\n<p><strong>Tren smartere, tenk raskere og oppn\u00e5 mer med IQ Booster.<\/strong><\/p>\n<p>&nbsp;<\/p>","protected":false},"excerpt":{"rendered":"<p>IQ Booster is a brain training service provided by WW IQ Test to help users enhance their cognitive skills. As part of the WW IQ Test experience, users who complete the IQ Test are invited to join IQ Booster for a more advanced and tailored brain training experience. IQ Booster is a premium service, and [&hellip;]<\/p>\n","protected":false},"author":1,"featured_media":0,"parent":0,"menu_order":0,"comment_status":"closed","ping_status":"closed","template":"page-template\/cms-page.php","meta":{"footnotes":""},"class_list":["post-2568203","page","type-page","status-publish","hentry"],"acf":[],"ams_acf":[],"_links":{"self":[{"href":"https:\/\/iqbooster.org\/no\/wp-json\/wp\/v2\/pages\/2568203","targetHints":{"allow":["GET"]}}],"collection":[{"href":"https:\/\/iqbooster.org\/no\/wp-json\/wp\/v2\/pages"}],"about":[{"href":"https:\/\/iqbooster.org\/no\/wp-json\/wp\/v2\/types\/page"}],"author":[{"embeddable":true,"href":"https:\/\/iqbooster.org\/no\/wp-json\/wp\/v2\/users\/1"}],"replies":[{"embeddable":true,"href":"https:\/\/iqbooster.org\/no\/wp-json\/wp\/v2\/comments?post=2568203"}],"version-history":[{"count":5,"href":"https:\/\/iqbooster.org\/no\/wp-json\/wp\/v2\/pages\/2568203\/revisions"}],"predecessor-version":[{"id":2933985,"href":"https:\/\/iqbooster.org\/no\/wp-json\/wp\/v2\/pages\/2568203\/revisions\/2933985"}],"wp:attachment":[{"href":"https:\/\/iqbooster.org\/no\/wp-json\/wp\/v2\/media?parent=2568203"}],"curies":[{"name":"wp","href":"https:\/\/api.w.org\/{rel}","templated":true}]}}