    {"id":2568203,"date":"2025-03-24T14:50:36","date_gmt":"2025-03-24T12:50:36","guid":{"rendered":"https:\/\/iqbooster.org\/?page_id=2568203"},"modified":"2025-09-19T10:53:50","modified_gmt":"2025-09-19T07:53:50","slug":"about-iq-booster","status":"publish","type":"page","link":"https:\/\/iqbooster.org\/de\/about-iq-booster\/","title":{"rendered":"About IQ Booster"},"content":{"rendered":"<p><strong>IQ Booster ist ein Gehirntraining-Service, der von WW IQ Test bereitgestellt wird, um Nutzern dabei zu helfen, ihre kognitiven F\u00e4higkeiten zu verbessern.<\/strong><\/p>\n<p class=\"translation-block\">Im Rahmen der <strong>WW IQ Test-Erfahrung<\/strong> werden Nutzer, die den IQ-Test abgeschlossen haben, eingeladen, IQ Booster f\u00fcr ein fortgeschritteneres und individuell zugeschnittenes Gehirntraining zu nutzen. IQ Booster ist ein <strong>Premium-Service<\/strong>, und der Zugang ist entweder \u00fcber eine <strong>Einmalzahlung<\/strong> oder einen flexiblen <strong>Abonnementplan<\/strong> m\u00f6glich.<\/p>\n<p>Ob Sie Ihr Ged\u00e4chtnis verbessern, Ihre Konzentration sch\u00e4rfen, Ihre Probleml\u00f6sungsf\u00e4higkeiten st\u00e4rken oder Ihre geistige Beweglichkeit ausbauen m\u00f6chten \u2013 IQ Booster bietet Ihnen die Werkzeuge, um erfolgreich zu sein. Mit einer benutzerfreundlichen Plattform und personalisierten Trainingsprogrammen unterst\u00fctzt IQ Booster Sie auf Ihrem Weg zu mehr Selbstvertrauen und Effektivit\u00e4t in allen Lebensbereichen.<\/p>\n<p class=\"translation-block\"><strong>IQ Booster bietet t\u00e4gliche Trainings<\/strong> in mehreren wichtigen Themenbereichen. Jede Trainingseinheit ist darauf ausgelegt, Ihnen zu helfen, \u00fcber die Zeit hinweg eine st\u00e4rkere geistige Leistungsf\u00e4higkeit aufzubauen und aufrechtzuerhalten.<\/p>\n<p><strong><strong>logisches Denken<\/strong><\/strong><\/p>\n<p>Logikaufgaben beinhalten den Einsatz von F\u00e4higkeiten des kritischen Denkens, um logische Beziehungen zwischen Aussagen oder Argumenten zu beurteilen. Sie nutzen kritisches Denken, um die logischen Zusammenh\u00e4nge zwischen Aussagen oder Argumenten zu bewerten.<\/p>\n<p><img loading=\"lazy\" decoding=\"async\" class=\"aligncenter wp-image-2934004 size-full\" src=\"https:\/\/iqbooster.org\/wp-content\/uploads\/2025\/09\/locial-en.png\" alt=\"\" width=\"1259\" height=\"762\" srcset=\"https:\/\/iqbooster.org\/wp-content\/uploads\/2025\/09\/locial-en.png 1259w, https:\/\/iqbooster.org\/wp-content\/uploads\/2025\/09\/locial-en-300x182.png 300w, https:\/\/iqbooster.org\/wp-content\/uploads\/2025\/09\/locial-en-1024x620.png 1024w, https:\/\/iqbooster.org\/wp-content\/uploads\/2025\/09\/locial-en-768x465.png 768w, https:\/\/iqbooster.org\/wp-content\/uploads\/2025\/09\/locial-en-18x12.png 18w, https:\/\/iqbooster.org\/wp-content\/uploads\/2025\/09\/locial-en-600x363.png 600w\" sizes=\"auto, (max-width: 1259px) 100vw, 1259px\" \/><\/p>\n<p><strong>Zahlenfolge<\/strong><\/p>\n<p>Bearbeiten Sie Aufgaben zu Zahlenfolgen, die Ihre F\u00e4higkeit testen, Muster in numerischen Sequenzen zu erkennen und vorherzusagen. Diese Aufgaben k\u00f6nnen das Finden fehlender Zahlen, das Bestimmen der n\u00e4chsten Zahl in einer Sequenz sowie das Erkennen der zugrunde liegenden Regel umfassen.<\/p>\n<p>&nbsp;<\/p>\n<p><img loading=\"lazy\" decoding=\"async\" class=\"wp-image-2934013 size-full aligncenter\" src=\"https:\/\/iqbooster.org\/wp-content\/uploads\/2025\/09\/numbersequance-en.png\" alt=\"\" width=\"1260\" height=\"742\" srcset=\"https:\/\/iqbooster.org\/wp-content\/uploads\/2025\/09\/numbersequance-en.png 1260w, https:\/\/iqbooster.org\/wp-content\/uploads\/2025\/09\/numbersequance-en-300x177.png 300w, https:\/\/iqbooster.org\/wp-content\/uploads\/2025\/09\/numbersequance-en-1024x603.png 1024w, https:\/\/iqbooster.org\/wp-content\/uploads\/2025\/09\/numbersequance-en-768x452.png 768w, https:\/\/iqbooster.org\/wp-content\/uploads\/2025\/09\/numbersequance-en-18x12.png 18w, https:\/\/iqbooster.org\/wp-content\/uploads\/2025\/09\/numbersequance-en-600x353.png 600w\" sizes=\"auto, (max-width: 1260px) 100vw, 1260px\" \/><\/p>\n<p><strong>Symbolische Sprache<\/strong><\/p>\n<p>Symbolsprachliche Aufgaben beinhalten die Verwendung von Symbolen zur Darstellung von Beziehungen zwischen Objekten, Konzepten oder Ideen. Versuchen Sie, \u00dcbersetzungsbegriffe aus mehreren Spalten verschiedener, sich \u00fcberschneidender symbolischer \u201eW\u00f6rterb\u00fccher\u201c zu identifizieren.<\/p>\n<p><img loading=\"lazy\" decoding=\"async\" class=\"aligncenter wp-image-2934005 size-full\" src=\"https:\/\/iqbooster.org\/wp-content\/uploads\/2025\/09\/symbolic-en.png\" alt=\"\" width=\"1261\" height=\"768\" srcset=\"https:\/\/iqbooster.org\/wp-content\/uploads\/2025\/09\/symbolic-en.png 1261w, https:\/\/iqbooster.org\/wp-content\/uploads\/2025\/09\/symbolic-en-300x183.png 300w, https:\/\/iqbooster.org\/wp-content\/uploads\/2025\/09\/symbolic-en-1024x624.png 1024w, https:\/\/iqbooster.org\/wp-content\/uploads\/2025\/09\/symbolic-en-768x468.png 768w, https:\/\/iqbooster.org\/wp-content\/uploads\/2025\/09\/symbolic-en-18x12.png 18w, https:\/\/iqbooster.org\/wp-content\/uploads\/2025\/09\/symbolic-en-600x365.png 600w\" sizes=\"auto, (max-width: 1261px) 100vw, 1261px\" \/><\/p>\n<p><strong>Allgemeinwissen<\/strong><\/p>\n<p>Allgemeinwissensfragen pr\u00fcfen Ihr breites Wissen \u00fcber eine Vielzahl von Themen und erfordern ein umfassendes Verst\u00e4ndnis von Informationen und Fakten.<\/p>\n<p>Testen Sie Ihr Allgemeinwissen in verschiedenen Bereichen wie Geschichte, Geografie, Naturwissenschaften, Kunst, Literatur und Popkultur.<\/p>\n<p><img loading=\"lazy\" decoding=\"async\" class=\"aligncenter wp-image-2933999 size-full\" src=\"https:\/\/iqbooster.org\/wp-content\/uploads\/2025\/09\/general-en.png\" alt=\"\" width=\"1261\" height=\"765\" srcset=\"https:\/\/iqbooster.org\/wp-content\/uploads\/2025\/09\/general-en.png 1261w, https:\/\/iqbooster.org\/wp-content\/uploads\/2025\/09\/general-en-300x182.png 300w, https:\/\/iqbooster.org\/wp-content\/uploads\/2025\/09\/general-en-1024x621.png 1024w, https:\/\/iqbooster.org\/wp-content\/uploads\/2025\/09\/general-en-768x466.png 768w, https:\/\/iqbooster.org\/wp-content\/uploads\/2025\/09\/general-en-18x12.png 18w, https:\/\/iqbooster.org\/wp-content\/uploads\/2025\/09\/general-en-600x364.png 600w\" sizes=\"auto, (max-width: 1261px) 100vw, 1261px\" \/><\/p>\n<p><strong>Visuelles Schlussfolgern<\/strong><\/p>\n<p>Visuell-r\u00e4umliche Aufgaben beinhalten das Erkennen von Mustern, das mentale Drehen von Objekten, r\u00e4umliches Probleml\u00f6sen und die Visualisierung komplexer Strukturen.<\/p>\n<p><img loading=\"lazy\" decoding=\"async\" class=\"aligncenter wp-image-2934010 size-full\" src=\"https:\/\/iqbooster.org\/wp-content\/uploads\/2025\/09\/visual-en.png\" alt=\"\" width=\"1260\" height=\"771\" srcset=\"https:\/\/iqbooster.org\/wp-content\/uploads\/2025\/09\/visual-en.png 1260w, https:\/\/iqbooster.org\/wp-content\/uploads\/2025\/09\/visual-en-300x184.png 300w, https:\/\/iqbooster.org\/wp-content\/uploads\/2025\/09\/visual-en-1024x627.png 1024w, https:\/\/iqbooster.org\/wp-content\/uploads\/2025\/09\/visual-en-768x470.png 768w, https:\/\/iqbooster.org\/wp-content\/uploads\/2025\/09\/visual-en-18x12.png 18w, https:\/\/iqbooster.org\/wp-content\/uploads\/2025\/09\/visual-en-600x367.png 600w\" sizes=\"auto, (max-width: 1260px) 100vw, 1260px\" \/><\/p>\n<p><strong>Fortschrittsverfolgung<\/strong><\/p>\n<p class=\"translation-block\">Mit IQ Booster k\u00f6nnen Sie au\u00dferdem Ihren Fortschritt in verschiedenen kognitiven Bereichen verfolgen. Die Plattform zeigt Ihnen genau, wo Sie stehen, hebt Ihre <strong>St\u00e4rken<\/strong> und <strong>Schw\u00e4chen<\/strong> hervor und hilft Ihnen dabei, zu erkennen, welche Bereiche verbessert werden m\u00fcssen. Dadurch k\u00f6nnen Sie Ihr Training personalisieren und sich auf die F\u00e4higkeiten konzentrieren, die f\u00fcr Sie am wichtigsten sind.<\/p>\n<p><img loading=\"lazy\" decoding=\"async\" class=\"aligncenter wp-image-2934071 size-full\" src=\"https:\/\/iqbooster.org\/wp-content\/uploads\/2025\/09\/dashboard-en.png\" alt=\"\" width=\"1665\" height=\"954\" srcset=\"https:\/\/iqbooster.org\/wp-content\/uploads\/2025\/09\/dashboard-en.png 1665w, https:\/\/iqbooster.org\/wp-content\/uploads\/2025\/09\/dashboard-en-300x172.png 300w, https:\/\/iqbooster.org\/wp-content\/uploads\/2025\/09\/dashboard-en-1024x587.png 1024w, https:\/\/iqbooster.org\/wp-content\/uploads\/2025\/09\/dashboard-en-768x440.png 768w, https:\/\/iqbooster.org\/wp-content\/uploads\/2025\/09\/dashboard-en-1536x880.png 1536w, https:\/\/iqbooster.org\/wp-content\/uploads\/2025\/09\/dashboard-en-18x10.png 18w, https:\/\/iqbooster.org\/wp-content\/uploads\/2025\/09\/dashboard-en-600x344.png 600w\" sizes=\"auto, (max-width: 1665px) 100vw, 1665px\" \/><\/p>\n<p>&nbsp;<\/p>\n<p><strong>Gehirnspiele<\/strong><\/p>\n<p class=\"translation-block\">Zus\u00e4tzlich zu den t\u00e4glichen Trainings k\u00f6nnen Sie <strong>unbegrenzte Gehirnspiele<\/strong> genie\u00dfen, die Ihr Ged\u00e4chtnis sch\u00e4rfen, Ihre Konzentration verbessern, Ihre Probleml\u00f6sungsf\u00e4higkeiten st\u00e4rken und Ihr kritisches Denken f\u00f6rdern \u2013 alles darauf ausgelegt, Ihren Geist aktiv zu halten und weiterzuentwickeln.<\/p>\n<p>&nbsp;<\/p>\n<p><img loading=\"lazy\" decoding=\"async\" class=\"aligncenter wp-image-2933997 size-full\" src=\"https:\/\/iqbooster.org\/wp-content\/uploads\/2025\/09\/game-en.png\" alt=\"\" width=\"1259\" height=\"952\" srcset=\"https:\/\/iqbooster.org\/wp-content\/uploads\/2025\/09\/game-en.png 1259w, https:\/\/iqbooster.org\/wp-content\/uploads\/2025\/09\/game-en-300x227.png 300w, https:\/\/iqbooster.org\/wp-content\/uploads\/2025\/09\/game-en-1024x774.png 1024w, https:\/\/iqbooster.org\/wp-content\/uploads\/2025\/09\/game-en-768x581.png 768w, https:\/\/iqbooster.org\/wp-content\/uploads\/2025\/09\/game-en-16x12.png 16w, https:\/\/iqbooster.org\/wp-content\/uploads\/2025\/09\/game-en-600x454.png 600w\" sizes=\"auto, (max-width: 1259px) 100vw, 1259px\" \/><\/p>\n<p class=\"translation-block\">Sie k\u00f6nnen IQ Booster jederzeit und \u00fcberall nutzen \u2013 auf Ihrem <strong>Desktop<\/strong>, <strong>Tablet<\/strong> oder <strong>Mobiltelefon<\/strong>. Der Dienst bietet eine gro\u00dfe Auswahl an <strong>unterhaltsamen und herausfordernden Gehirnspielen<\/strong>, die darauf ausgelegt sind, Ihren Geist zu stimulieren und Ihnen dabei zu helfen, Ihre kognitiven F\u00e4higkeiten kontinuierlich zu verbessern.<\/p>\n<p><strong>Trainieren Sie intelligenter, denken Sie schneller und erreichen Sie mehr mit IQ Booster.<\/strong><\/p>\n<p>&nbsp;<\/p>","protected":false},"excerpt":{"rendered":"<p>IQ Booster is a brain training service provided by WW IQ Test to help users enhance their cognitive skills. As part of the WW IQ Test experience, users who complete the IQ Test are invited to join IQ Booster for a more advanced and tailored brain training experience. IQ Booster is a premium service, and [&hellip;]<\/p>\n","protected":false},"author":1,"featured_media":0,"parent":0,"menu_order":0,"comment_status":"closed","ping_status":"closed","template":"page-template\/cms-page.php","meta":{"footnotes":""},"class_list":["post-2568203","page","type-page","status-publish","hentry"],"acf":[],"ams_acf":[],"_links":{"self":[{"href":"https:\/\/iqbooster.org\/de\/wp-json\/wp\/v2\/pages\/2568203","targetHints":{"allow":["GET"]}}],"collection":[{"href":"https:\/\/iqbooster.org\/de\/wp-json\/wp\/v2\/pages"}],"about":[{"href":"https:\/\/iqbooster.org\/de\/wp-json\/wp\/v2\/types\/page"}],"author":[{"embeddable":true,"href":"https:\/\/iqbooster.org\/de\/wp-json\/wp\/v2\/users\/1"}],"replies":[{"embeddable":true,"href":"https:\/\/iqbooster.org\/de\/wp-json\/wp\/v2\/comments?post=2568203"}],"version-history":[{"count":5,"href":"https:\/\/iqbooster.org\/de\/wp-json\/wp\/v2\/pages\/2568203\/revisions"}],"predecessor-version":[{"id":2933985,"href":"https:\/\/iqbooster.org\/de\/wp-json\/wp\/v2\/pages\/2568203\/revisions\/2933985"}],"wp:attachment":[{"href":"https:\/\/iqbooster.org\/de\/wp-json\/wp\/v2\/media?parent=2568203"}],"curies":[{"name":"wp","href":"https:\/\/api.w.org\/{rel}","templated":true}]}}